{"id":115,"date":"2021-12-04T12:11:44","date_gmt":"2021-12-04T11:11:44","guid":{"rendered":"http:\/\/localhost\/Martid%C3%A9co\/?page_id=115"},"modified":"2024-05-01T15:09:24","modified_gmt":"2024-05-01T13:09:24","slug":"accueil","status":"publish","type":"page","link":"https:\/\/martideco.net\/","title":{"rendered":"Accueil"},"content":{"rendered":"<div class=\"wpb-content-wrapper\"><p>[vc_row full_width=\u00a0\u00bbstretch_row_content\u00a0\u00bb full_height=\u00a0\u00bbyes\u00a0\u00bb equal_height=\u00a0\u00bbyes\u00a0\u00bb content_placement=\u00a0\u00bbmiddle\u00a0\u00bb css=\u00a0\u00bb.vc_custom_1713690571364{background-image: url(http:\/\/martideco.net\/wp-content\/uploads\/2024\/04\/d1-1.jpg?id=1091) !important;background-position: center !important;background-repeat: no-repeat !important;background-size: cover !important;}\u00a0\u00bb][vc_column][\/vc_column][\/vc_row][vc_row pix_padding_top=\u00a0\u00bb\u00a0\u00bb pix_padding_bottom=\u00a0\u00bb\u00a0\u00bb radius=\u00a0\u00bb\u00a0\u00bb ptextcolor=\u00a0\u00bb\u00a0\u00bb overflow=\u00a0\u00bb\u00a0\u00bb gradient_direction=\u00a0\u00bb\u00a0\u00bb gradient_opacity=\u00a0\u00bb\u00a0\u00bb shadow=\u00a0\u00bb\u00a0\u00bb shadow_effect=\u00a0\u00bb\u00a0\u00bb css=\u00a0\u00bb.vc_custom_1712498071729{padding-top: 10px !important;padding-bottom: 10px !important;}\u00a0\u00bb][vc_column][vc_column_text css=\u00a0\u00bb\u00a0\u00bb el_class=\u00a0\u00bbtitre1&Prime;]<\/p>\n<div class=\"pix-section-title \">\n<h1 class=\"pix-title-h2 \" style=\"text-align: center;\">Bienvenue chez MARTID<b>\u00c9<\/b>CO<\/h1>\n<\/div>\n<p>[\/vc_column_text][vc_column_text css=\u00a0\u00bb\u00a0\u00bb el_id=\u00a0\u00bbtexte\u00a0\u00bb]Martine Bernard, artisan-tapissi\u00e8re d\u2019ameublement \u00e0 Gometz-la-ville, vous propose ses conseils et solutions sur mesure pour vos projets de d\u00e9coration d\u2019int\u00e9rieur et restauration de meubles anciens.<\/p>\n<p>Martid\u00e9co met \u00e0 votre service toute son expertise et son savoir-faire pour le <strong>relooking de vos si\u00e8ges<\/strong>,\u00a0<strong>abat-jours<\/strong> et <strong>tous autres meubles<\/strong>.<\/p>\n<p>Elle r\u00e9alise dans son atelier, tous les travaux de couture d&rsquo;ameublement :<\/p>\n<ul>\n<li><strong>confection de double-rideaux<\/strong>, pour lesquels vous pourrez choisir le type de finition, de t\u00eate, et bien sur, le tissu.<\/li>\n<li><strong>confections de coussins<\/strong>, <strong>t\u00eates de lit<\/strong> \u00e0 coordonner avec le reste de votre int\u00e9rieur.<\/li>\n<\/ul>\n<p>Martid\u00e9co vous propose un large choix de tissus de haute qualit\u00e9 et de finitions pour diff\u00e9rents styles, notamment les styles modernes et classiques.<\/p>\n<p>N\u2019h\u00e9sitez pas \u00e0 nous contacter pour toute demande d\u2019intervention.[\/vc_column_text][vc_row_inner equal_height=\u00a0\u00bbyes\u00a0\u00bb content_placement=\u00a0\u00bbmiddle\u00a0\u00bb pix_padding_top=\u00a0\u00bb\u00a0\u00bb pix_padding_bottom=\u00a0\u00bb\u00a0\u00bb radius=\u00a0\u00bb\u00a0\u00bb ptextcolor=\u00a0\u00bb\u00a0\u00bb overflow=\u00a0\u00bb\u00a0\u00bb gradient_colors=\u00a0\u00bb%5B%7B%7D%5D\u00a0\u00bb css=\u00a0\u00bb.vc_custom_1712516907778{padding-top: 0px !important;padding-bottom: 0px !important;}\u00a0\u00bb][vc_column_inner width=\u00a0\u00bb1\/2&Prime; css=\u00a0\u00bb.vc_custom_1713688604388{border-radius: 3px !important;}\u00a0\u00bb offset=\u00a0\u00bbvc_hidden-lg vc_hidden-md\u00a0\u00bb][vc_column_text css=\u00a0\u00bb.vc_custom_1713688834624{border-top-width: 3px !important;border-bottom-width: 3px !important;}\u00a0\u00bb el_id=\u00a0\u00bbcitation\u00a0\u00bb]<\/p>\n<p style=\"text-align: right;\"><span style=\"color: #ff9900;\"><strong>\u201c J&rsquo;ai confi\u00e9 la restauration de ma vieille commode \u00e0 Martid\u00e9co, je suis tr\u00e8s satisfait du r\u00e9sultat. <\/strong><\/span><span style=\"color: #ff9900;\"><strong>Le travail est remarquable et le service client impeccable.<br \/>\n<\/strong><\/span><span style=\"color: #ff9900;\"><strong>Je recommande vivement ! \u201d<\/strong><\/span><\/p>\n<p>[\/vc_column_text][vc_column_text]<span style=\"color: #ff9900;\">Sophie L.<\/span>[\/vc_column_text][\/vc_column_inner][vc_column_inner width=\u00a0\u00bb1\/2&Prime; offset=\u00a0\u00bbvc_hidden-lg vc_hidden-md\u00a0\u00bb][vc_single_image image=\u00a0\u00bb738&Prime; img_size=\u00a0\u00bbmedium\u00a0\u00bb alignment=\u00a0\u00bbcenter\u00a0\u00bb title=\u00a0\u00bbAvant\u00a0\u00bb][vc_single_image image=\u00a0\u00bb740&Prime; img_size=\u00a0\u00bbmedium\u00a0\u00bb alignment=\u00a0\u00bbcenter\u00a0\u00bb title=\u00a0\u00bbApr\u00e8s\u00a0\u00bb][\/vc_column_inner][\/vc_row_inner][vc_row_inner equal_height=\u00a0\u00bbyes\u00a0\u00bb content_placement=\u00a0\u00bbmiddle\u00a0\u00bb pix_padding_top=\u00a0\u00bb\u00a0\u00bb pix_padding_bottom=\u00a0\u00bb\u00a0\u00bb radius=\u00a0\u00bb\u00a0\u00bb ptextcolor=\u00a0\u00bb\u00a0\u00bb overflow=\u00a0\u00bb\u00a0\u00bb gradient_colors=\u00a0\u00bb%5B%7B%7D%5D\u00a0\u00bb css=\u00a0\u00bb.vc_custom_1712516907778{padding-top: 0px !important;padding-bottom: 0px !important;}\u00a0\u00bb][vc_column_inner width=\u00a0\u00bb1\/3&Prime; css=\u00a0\u00bb.vc_custom_1713688590893{border-radius: 3px !important;}\u00a0\u00bb offset=\u00a0\u00bbvc_hidden-sm vc_hidden-xs\u00a0\u00bb][vc_column_text css=\u00a0\u00bb.vc_custom_1713688827434{border-top-width: 3px !important;border-bottom-width: 3px !important;}\u00a0\u00bb el_id=\u00a0\u00bbcitation\u00a0\u00bb]<\/p>\n<p style=\"text-align: right;\"><span style=\"color: #ff9900;\"><strong>\u201c J&rsquo;ai confi\u00e9 la restauration de ma vieille commode \u00e0 Martid\u00e9co, je suis tr\u00e8s satisfait du r\u00e9sultat. <\/strong><\/span><span style=\"color: #ff9900;\"><strong>Le travail est remarquable et le service client impeccable.<br \/>\n<\/strong><\/span><span style=\"color: #ff9900;\"><strong>Je recommande vivement ! \u201d<\/strong><\/span><\/p>\n<p>[\/vc_column_text][vc_column_text]<span style=\"color: #ff9900;\">Sophie L.<\/span>[\/vc_column_text][\/vc_column_inner][vc_column_inner width=\u00a0\u00bb1\/3&Prime; offset=\u00a0\u00bbvc_hidden-sm vc_hidden-xs\u00a0\u00bb][vc_single_image image=\u00a0\u00bb738&Prime; img_size=\u00a0\u00bbmedium\u00a0\u00bb alignment=\u00a0\u00bbcenter\u00a0\u00bb title=\u00a0\u00bbAvant\u00a0\u00bb][\/vc_column_inner][vc_column_inner width=\u00a0\u00bb1\/3&Prime; offset=\u00a0\u00bbvc_hidden-sm vc_hidden-xs\u00a0\u00bb][vc_single_image image=\u00a0\u00bb740&Prime; img_size=\u00a0\u00bbmedium\u00a0\u00bb alignment=\u00a0\u00bbcenter\u00a0\u00bb title=\u00a0\u00bbApr\u00e8s\u00a0\u00bb][\/vc_column_inner][\/vc_row_inner][vc_column_inner width=\u00a0\u00bb1\/3&Prime;][\/vc_column_inner][vc_zigzag][\/vc_column][\/vc_row][vc_row][vc_column][vc_column_text]<\/p>\n<div class=\"pix-section-title \">\n<h2 class=\"pix-title-h2 \" style=\"text-align: center;\">Nos services<\/h2>\n<\/div>\n<p>[\/vc_column_text][vc_row_inner equal_height=\u00a0\u00bbyes\u00a0\u00bb][vc_column_inner width=\u00a0\u00bb1\/3&Prime;][vc_single_image image=\u00a0\u00bb730&Prime; alignment=\u00a0\u00bbcenter\u00a0\u00bb style=\u00a0\u00bbvc_box_circle_2&Prime;][vc_column_text css=\u00a0\u00bb.vc_custom_1711215452696{padding-top: 10px !important;}\u00a0\u00bb]<\/p>\n<p style=\"text-align: center;\">Personnalisez votre mobilier pour une touche unique et originale<\/p>\n<p>[\/vc_column_text][vc_btn title=\u00a0\u00bbVoir les cr\u00e9ations\u00a0\u00bb align=\u00a0\u00bbcenter\u00a0\u00bb css=\u00a0\u00bb.vc_custom_1713642420408{margin-top: 0px !important;margin-bottom: 0px !important;padding-top: 0px !important;padding-bottom: 0px !important;}\u00a0\u00bb link=\u00a0\u00bburl:https%3A%2F%2Fmartideco.net%2Findex.php%2Fatelier-relooking-de-meubles%2F|title:Tapisserie%20d%E2%80%99ameublement\u00a0\u00bb][\/vc_column_inner][vc_column_inner width=\u00a0\u00bb1\/3&Prime;][vc_single_image image=\u00a0\u00bb780&Prime; alignment=\u00a0\u00bbcenter\u00a0\u00bb style=\u00a0\u00bbvc_box_circle_2&Prime;][vc_column_text]<\/p>\n<p style=\"text-align: center;\">Restauration de si\u00e8ges anciens avec les techniques traditionnelles pour pr\u00e9server leur charme d&rsquo;origine<\/p>\n<p>[\/vc_column_text][vc_btn title=\u00a0\u00bbVoir les cr\u00e9ations\u00a0\u00bb align=\u00a0\u00bbcenter\u00a0\u00bb css=\u00a0\u00bb.vc_custom_1713642580564{margin-top: 0px !important;margin-bottom: 0px !important;padding-top: 0px !important;padding-bottom: 0px !important;}\u00a0\u00bb link=\u00a0\u00bburl:https%3A%2F%2Fmartideco.net%2Findex.php%2F16-2%2F|title:Tapisserie%20d%E2%80%99ameublement\u00a0\u00bb][\/vc_column_inner][vc_column_inner width=\u00a0\u00bb1\/3&Prime;][vc_single_image image=\u00a0\u00bb820&Prime; alignment=\u00a0\u00bbcenter\u00a0\u00bb style=\u00a0\u00bbvc_box_circle_2&Prime;][vc_column_text css=\u00a0\u00bb.vc_custom_1711215469590{padding-top: 10px !important;}\u00a0\u00bb]<\/p>\n<p style=\"text-align: center;\">Confection de rideaux, voilages et stores<\/p>\n<p>[\/vc_column_text][vc_btn title=\u00a0\u00bbVoir les cr\u00e9ations\u00a0\u00bb align=\u00a0\u00bbcenter\u00a0\u00bb css=\u00a0\u00bb.vc_custom_1713642408723{margin-top: 0px !important;margin-bottom: 0px !important;padding-top: 0px !important;padding-bottom: 0px !important;}\u00a0\u00bb link=\u00a0\u00bburl:https%3A%2F%2Fmartideco.net%2Findex.php%2Fconfection-de-rideaux%2F|title:Tapisserie%20d%E2%80%99ameublement\u00a0\u00bb][\/vc_column_inner][\/vc_row_inner][vc_zigzag][\/vc_column][\/vc_row][vc_row equal_height=\u00a0\u00bbyes\u00a0\u00bb css=\u00a0\u00bb.vc_custom_1712498210077{margin-top: 20px !important;margin-bottom: 10px !important;padding-top: 10px !important;padding-bottom: 10px !important;}\u00a0\u00bb][vc_column][vc_column_text]<\/p>\n<div class=\"pix-section-title \">\n<h2 class=\"pix-title-h2 \" style=\"text-align: center;\">F.A.Q<\/h2>\n<\/div>\n<p>[\/vc_column_text][vc_toggle title=\u00a0\u00bbQuels types de meubles restaurez vous ?\u00a0\u00bb]Nous restaurons aussi bien les meubles anciens que contemporains. Notre expertise s&rsquo;adapte \u00e0 chaque pi\u00e8ce pour pr\u00e9server son caract\u00e8re.[\/vc_toggle][vc_toggle title=\u00a0\u00bbProposez vous des finitions sur mesure ?\u00a0\u00bb]Oui, nous proposons une large gamme de finitions pour r\u00e9pondre \u00e0 vos besoins et pr\u00e9f\u00e9rences. Chaque relooking est sur mesure.[\/vc_toggle][vc_toggle title=\u00a0\u00bbComment puis-je vous contacter ?\u00a0\u00bb]Vous pouvez nous contacter par t\u00e9l\u00e9phone au 01 23 45 67 89 ou remplir le formulaire de contact sur notre site.[\/vc_toggle][vc_zigzag][\/vc_column][\/vc_row][vc_row][vc_column][vc_column_text]<\/p>\n<div class=\"pix-section-title \">\n<h2 class=\"pix-title-h2 \" style=\"text-align: center;\">Contactez nous<\/h2>\n<\/div>\n<p>[\/vc_column_text][vc_row_inner equal_height=\u00a0\u00bbyes\u00a0\u00bb content_placement=\u00a0\u00bbmiddle\u00a0\u00bb][vc_column_inner width=\u00a0\u00bb2\/3&Prime;]<style id=\"wpforms-css-vars-561\">\n\t\t\t\t#wpforms-561 {\n\t\t\t\t\n\t\t\t}\n\t\t\t<\/style><div class=\"wpforms-container wpforms-container-full wpforms-render-modern\" id=\"wpforms-561\"><form id=\"wpforms-form-561\" class=\"wpforms-validate wpforms-form wpforms-ajax-form\" data-formid=\"561\" method=\"post\" enctype=\"multipart\/form-data\" action=\"\/index.php\/wp-json\/wp\/v2\/pages\/115\" data-token=\"5e44b7dd5c52532222d017176ee1b096\" data-token-time=\"1775644594\"><noscript class=\"wpforms-error-noscript\">Veuillez activer JavaScript dans votre navigateur pour remplir ce formulaire.<\/noscript><div id=\"wpforms-error-noscript\" style=\"display: none;\">Veuillez activer JavaScript dans votre navigateur pour remplir ce formulaire.<\/div><div class=\"wpforms-field-container\"><div id=\"wpforms-561-field_6-container\" class=\"wpforms-field wpforms-field-name\" data-field-id=\"6\"><fieldset><legend class=\"wpforms-field-label\">Nom <span class=\"wpforms-required-label\" aria-hidden=\"true\">*<\/span><\/legend><div class=\"wpforms-field-row wpforms-field-large\"><div class=\"wpforms-field-row-block wpforms-first wpforms-one-half\"><input type=\"text\" id=\"wpforms-561-field_6\" class=\"wpforms-field-name-first wpforms-field-required\" name=\"wpforms[fields][6][first]\" aria-errormessage=\"wpforms-561-field_6-error\" required><label for=\"wpforms-561-field_6\" class=\"wpforms-field-sublabel after\">Pr\u00e9nom<\/label><\/div><div class=\"wpforms-field-row-block wpforms-one-half\"><input type=\"text\" id=\"wpforms-561-field_6-last\" class=\"wpforms-field-name-last wpforms-field-required\" name=\"wpforms[fields][6][last]\" aria-errormessage=\"wpforms-561-field_6-last-error\" required><label for=\"wpforms-561-field_6-last\" class=\"wpforms-field-sublabel after\">Nom<\/label><\/div><\/div><\/fieldset><\/div><div id=\"wpforms-561-field_1-container\" class=\"wpforms-field wpforms-field-text\" data-field-id=\"1\"><label class=\"wpforms-field-label\" for=\"wpforms-561-field_1\">Adresse e-mail<\/label><input type=\"text\" id=\"wpforms-561-field_1\" class=\"wpforms-field-large\" name=\"wpforms[fields][1]\" aria-errormessage=\"wpforms-561-field_1-error\" ><\/div><div id=\"wpforms-561-field_2-container\" class=\"wpforms-field wpforms-field-text\" data-field-id=\"2\"><label class=\"wpforms-field-label\" for=\"wpforms-561-field_2\">Num\u00e9ro de t\u00e9l\u00e9phone <span class=\"wpforms-required-label\" aria-hidden=\"true\">*<\/span><\/label><input type=\"text\" id=\"wpforms-561-field_2\" class=\"wpforms-field-large wpforms-field-required\" name=\"wpforms[fields][2]\" aria-errormessage=\"wpforms-561-field_2-error\" required><\/div><div id=\"wpforms-561-field_5-container\" class=\"wpforms-field wpforms-field-textarea\" data-field-id=\"5\"><label class=\"wpforms-field-label\" for=\"wpforms-561-field_5\">Paragraphe<\/label><textarea id=\"wpforms-561-field_5\" class=\"wpforms-field-medium\" name=\"wpforms[fields][5]\" aria-errormessage=\"wpforms-561-field_5-error\" ><\/textarea><\/div><\/div><!-- .wpforms-field-container --><div class=\"wpforms-submit-container\" ><input type=\"hidden\" name=\"wpforms[id]\" value=\"561\"><input type=\"hidden\" name=\"page_title\" value=\"\"><input type=\"hidden\" name=\"page_url\" value=\"https:\/\/martideco.net\/index.php\/wp-json\/wp\/v2\/pages\/115\"><input type=\"hidden\" name=\"url_referer\" value=\"\"><button type=\"submit\" name=\"wpforms[submit]\" id=\"wpforms-submit-561\" class=\"wpforms-submit\" data-alt-text=\"Envoi...\" data-submit-text=\"Envoyer\" aria-live=\"assertive\" value=\"wpforms-submit\">Envoyer<\/button><img loading=\"lazy\" decoding=\"async\" src=\"https:\/\/martideco.net\/wp-content\/plugins\/wpforms-lite\/assets\/images\/submit-spin.svg\" class=\"wpforms-submit-spinner\" style=\"display: none;\" width=\"26\" height=\"26\" alt=\"Chargement en cours\"><\/div><\/form><\/div>  <!-- .wpforms-container -->[\/vc_column_inner][vc_column_inner width=\u00a0\u00bb1\/3&Prime;][vc_gmaps link=\u00a0\u00bb#E-8_JTNDaWZyYW1lJTIwc3JjJTNEJTIyaHR0cHMlM0ElMkYlMkZ3d3cuZ29vZ2xlLmNvbSUyRm1hcHMlMkZlbWJlZCUzRnBiJTNEJTIxMW0xOCUyMTFtMTIlMjExbTMlMjExZDIxMDc3LjE3NjI5NjQwOTAwNSUyMTJkMi4xMDU5Njg4Njg0MDAzMDIlMjEzZDQ4LjY3Mzk5MjcwMjcyOTIlMjEybTMlMjExZjAlMjEyZjAlMjEzZjAlMjEzbTIlMjExaTEwMjQlMjEyaTc2OCUyMTRmMTMuMSUyMTNtMyUyMTFtMiUyMTFzMHg0N2U1ZDUwOTg0NTM5NTk3JTI1M0EweDU0NGRjOTNkNjVkNWExYjglMjEyczElMjUyMENoZW0uJTI1MjBkZXMlMjUyME5vbm5lcyUyNTJDJTI1MjA5MTk0MCUyNTIwR29tZXR6LWxhLVZpbGxlJTIxNWUwJTIxM20yJTIxMXNmciUyMTJzZnIlMjE0djE3MTEyMDYyNDI3NTAlMjE1bTIlMjExc2ZyJTIxMnNmciUyMiUyMHdpZHRoJTNEJTIyNjAwJTIyJTIwaGVpZ2h0JTNEJTIyNDUwJTIyJTIwc3R5bGUlM0QlMjJib3JkZXIlM0EwJTNCJTIyJTIwYWxsb3dmdWxsc2NyZWVuJTNEJTIyJTIyJTIwbG9hZGluZyUzRCUyMmxhenklMjIlMjByZWZlcnJlcnBvbGljeSUzRCUyMm5vLXJlZmVycmVyLXdoZW4tZG93bmdyYWRlJTIyJTNFJTNDJTJGaWZyYW1lJTNF\u00a0\u00bb][\/vc_column_inner][\/vc_row_inner][\/vc_column][\/vc_row]<\/p>\n<\/div>","protected":false},"excerpt":{"rendered":"<p>[vc_row full_width=\u00a0\u00bbstretch_row_content\u00a0\u00bb full_height=\u00a0\u00bbyes\u00a0\u00bb equal_height=\u00a0\u00bbyes\u00a0\u00bb content_placement=\u00a0\u00bbmiddle\u00a0\u00bb css=\u00a0\u00bb.vc_custom_1713690571364{background-image: url(http:\/\/martideco.net\/wp-content\/uploads\/2024\/04\/d1-1.jpg?id=1091) !important;background-position: center !important;background-repeat: no-repeat !important;background-size: cover !important;}\u00a0\u00bb][vc_column][\/vc_column][\/vc_row][vc_row pix_padding_top=\u00a0\u00bb\u00a0\u00bb pix_padding_bottom=\u00a0\u00bb\u00a0\u00bb radius=\u00a0\u00bb\u00a0\u00bb ptextcolor=\u00a0\u00bb\u00a0\u00bb overflow=\u00a0\u00bb\u00a0\u00bb gradient_direction=\u00a0\u00bb\u00a0\u00bb gradient_opacity=\u00a0\u00bb\u00a0\u00bb shadow=\u00a0\u00bb\u00a0\u00bb shadow_effect=\u00a0\u00bb\u00a0\u00bb css=\u00a0\u00bb.vc_custom_1712498071729{padding-top: 10px !important;padding-bottom: 10px !important;}\u00a0\u00bb][vc_column][vc_column_text css=\u00a0\u00bb\u00a0\u00bb el_class=\u00a0\u00bbtitre1&Prime;] Bienvenue chez MARTID\u00c9CO [\/vc_column_text][vc_column_text css=\u00a0\u00bb\u00a0\u00bb el_id=\u00a0\u00bbtexte\u00a0\u00bb]Martine Bernard, artisan-tapissi\u00e8re d\u2019ameublement \u00e0 Gometz-la-ville, vous propose ses conseils et solutions sur mesure pour vos projets de d\u00e9coration d\u2019int\u00e9rieur [&hellip;]<\/p>\n","protected":false},"author":2,"featured_media":0,"parent":0,"menu_order":0,"comment_status":"closed","ping_status":"closed","template":"","meta":{"footnotes":""},"class_list":["post-115","page","type-page","status-publish","hentry"],"_links":{"self":[{"href":"https:\/\/martideco.net\/index.php\/wp-json\/wp\/v2\/pages\/115","targetHints":{"allow":["GET"]}}],"collection":[{"href":"https:\/\/martideco.net\/index.php\/wp-json\/wp\/v2\/pages"}],"about":[{"href":"https:\/\/martideco.net\/index.php\/wp-json\/wp\/v2\/types\/page"}],"author":[{"embeddable":true,"href":"https:\/\/martideco.net\/index.php\/wp-json\/wp\/v2\/users\/2"}],"replies":[{"embeddable":true,"href":"https:\/\/martideco.net\/index.php\/wp-json\/wp\/v2\/comments?post=115"}],"version-history":[{"count":102,"href":"https:\/\/martideco.net\/index.php\/wp-json\/wp\/v2\/pages\/115\/revisions"}],"predecessor-version":[{"id":1113,"href":"https:\/\/martideco.net\/index.php\/wp-json\/wp\/v2\/pages\/115\/revisions\/1113"}],"wp:attachment":[{"href":"https:\/\/martideco.net\/index.php\/wp-json\/wp\/v2\/media?parent=115"}],"curies":[{"name":"wp","href":"https:\/\/api.w.org\/{rel}","templated":true}]}}