{"id":192,"date":"2021-12-10T19:21:46","date_gmt":"2021-12-10T18:21:46","guid":{"rendered":"http:\/\/localhost\/Martideco\/?page_id=192"},"modified":"2024-04-20T21:43:01","modified_gmt":"2024-04-20T19:43:01","slug":"peinture-sur-tissus","status":"publish","type":"page","link":"https:\/\/martideco.net\/index.php\/peinture-sur-tissus\/","title":{"rendered":"Peinture sur tissus"},"content":{"rendered":"<div class=\"wpb-content-wrapper\"><p>[vc_row][vc_column][vc_column_text css=\u00a0\u00bb\u00a0\u00bb]<\/p>\n<h2 style=\"text-align: center;\">Peinture sur tissus<\/h2>\n<p>[\/vc_column_text][vc_column_text css=\u00a0\u00bb\u00a0\u00bb]<strong>D\u00e9cor floral sur lin pour si\u00e8ge.<\/strong><\/p>\n<p>Restauration d&rsquo;une chaise d&rsquo;\u00e9poque Napol\u00e9on III, bois en noyer patin\u00e9 cuivre rose, assise et dossier en crin v\u00e9g\u00e9tal, recouverte de lin blanc peint main d&rsquo;un d\u00e9cor floral.[\/vc_column_text][vc_masonry_media_grid element_width=\u00a0\u00bb2&Prime; css=\u00a0\u00bb\u00a0\u00bb grid_id=\u00a0\u00bbvc_gid:1713642146390-42a18c8c-ddcc-7&Prime; include=\u00a0\u00bb1034,1033&Prime;][vc_column_text css=\u00a0\u00bb\u00a0\u00bb]<strong>D\u00e9cor peint pour rideaux.<\/strong><\/p>\n<p>Pan de rideaux en lin noir, peint main d&rsquo;un d\u00e9cor floral or, et cuivres (lavable \u00e0 30 \u00b0 C).[\/vc_column_text][vc_masonry_media_grid element_width=\u00a0\u00bb2&Prime; css=\u00a0\u00bb\u00a0\u00bb grid_id=\u00a0\u00bbvc_gid:1713642146391-26bc1ed1-a52c-7&Prime; include=\u00a0\u00bb1035&Prime;][vc_column_text css=\u00a0\u00bb\u00a0\u00bb]<strong>Peinture \u00e0 la main pour coussins.<\/strong>[\/vc_column_text][vc_masonry_media_grid element_width=\u00a0\u00bb2&Prime; css=\u00a0\u00bb\u00a0\u00bb grid_id=\u00a0\u00bbvc_gid:1713642146392-981b1ae2-32a8-0&Prime; include=\u00a0\u00bb1032,1031,1030,1029,1028,1027&Prime;][\/vc_column][\/vc_row]<\/p>\n<\/div>","protected":false},"excerpt":{"rendered":"<p>[vc_row][vc_column][vc_column_text css=\u00a0\u00bb\u00a0\u00bb] Peinture sur tissus [\/vc_column_text][vc_column_text css=\u00a0\u00bb\u00a0\u00bb]D\u00e9cor floral sur lin pour si\u00e8ge. Restauration d&rsquo;une chaise d&rsquo;\u00e9poque Napol\u00e9on III, bois en noyer patin\u00e9 cuivre rose, assise et dossier en crin v\u00e9g\u00e9tal, recouverte de lin blanc peint main d&rsquo;un d\u00e9cor floral.[\/vc_column_text][vc_masonry_media_grid element_width=\u00a0\u00bb2&Prime; css=\u00a0\u00bb\u00a0\u00bb grid_id=\u00a0\u00bbvc_gid:1713642146390-42a18c8c-ddcc-7&Prime; include=\u00a0\u00bb1034,1033&Prime;][vc_column_text css=\u00a0\u00bb\u00a0\u00bb]D\u00e9cor peint pour rideaux. Pan de rideaux en lin noir, peint main [&hellip;]<\/p>\n","protected":false},"author":2,"featured_media":0,"parent":0,"menu_order":0,"comment_status":"closed","ping_status":"closed","template":"","meta":{"footnotes":""},"class_list":["post-192","page","type-page","status-publish","hentry"],"_links":{"self":[{"href":"https:\/\/martideco.net\/index.php\/wp-json\/wp\/v2\/pages\/192","targetHints":{"allow":["GET"]}}],"collection":[{"href":"https:\/\/martideco.net\/index.php\/wp-json\/wp\/v2\/pages"}],"about":[{"href":"https:\/\/martideco.net\/index.php\/wp-json\/wp\/v2\/types\/page"}],"author":[{"embeddable":true,"href":"https:\/\/martideco.net\/index.php\/wp-json\/wp\/v2\/users\/2"}],"replies":[{"embeddable":true,"href":"https:\/\/martideco.net\/index.php\/wp-json\/wp\/v2\/comments?post=192"}],"version-history":[{"count":6,"href":"https:\/\/martideco.net\/index.php\/wp-json\/wp\/v2\/pages\/192\/revisions"}],"predecessor-version":[{"id":1039,"href":"https:\/\/martideco.net\/index.php\/wp-json\/wp\/v2\/pages\/192\/revisions\/1039"}],"wp:attachment":[{"href":"https:\/\/martideco.net\/index.php\/wp-json\/wp\/v2\/media?parent=192"}],"curies":[{"name":"wp","href":"https:\/\/api.w.org\/{rel}","templated":true}]}}