{"id":369,"date":"2021-12-14T21:11:55","date_gmt":"2021-12-14T20:11:55","guid":{"rendered":"http:\/\/localhost\/Martideco\/?page_id=369"},"modified":"2024-04-20T21:34:33","modified_gmt":"2024-04-20T19:34:33","slug":"atelier-relooking-de-meubles","status":"publish","type":"page","link":"https:\/\/martideco.net\/index.php\/atelier-relooking-de-meubles\/","title":{"rendered":"Relooking de meubles"},"content":{"rendered":"<div class=\"wpb-content-wrapper\"><p>[vc_row][vc_column][vc_column_text]<\/p>\n<h2 style=\"text-align: center;\">Relooking de meubles<\/h2>\n<p>[\/vc_column_text][vc_column_text]Nous redonnons une nouvelle vie aux meubles anciens, dans un esprit loft, girly , seventies&#8230; plus contemporain. Je suis l\u00e0 pour vous aider, vous conseiller et r\u00e9aliser ensemble votre souhait&#8230;[\/vc_column_text][vc_zigzag][vc_column_text]<strong>Commode Louis XVI<\/strong><\/p>\n<p>Durabilit\u00e9 action : Le relooking permet de changer d&rsquo;ambiance en respectant l&rsquo;environnement.<br \/>\nNouvel esprit contemporain pour cette petite commode apr\u00e8s pon\u00e7age et patine satin\u00e9e bleue nuit et quincaillerie et plateau argent.[\/vc_column_text][vc_masonry_media_grid element_width=\u00a0\u00bb2&Prime; grid_id=\u00a0\u00bbvc_gid:1713641507711-e1ece2d0-da5a-3&Prime; include=\u00a0\u00bb946,943,942,944,945&Prime;][vc_zigzag][vc_column_text css=\u00a0\u00bb\u00a0\u00bb]<strong>Table et demi lune restauration<\/strong>[\/vc_column_text][vc_masonry_media_grid element_width=\u00a0\u00bb2&Prime; grid_id=\u00a0\u00bbvc_gid:1713641507711-4826304e-21df-2&Prime; include=\u00a0\u00bb947,948,949&Prime;][vc_zigzag][vc_column_text css=\u00a0\u00bb\u00a0\u00bb]<strong>Buffet merisier style R\u00e9gence des ann\u00e9es 70<\/strong><\/p>\n<p>Un meuble d&rsquo;h\u00e9ritage, relook\u00e9 pour int\u00e9grer une ambiance contemporaine.<br \/>\nblanc acrylique mat, patin\u00e9 et cir\u00e9; plateau ponc\u00e9, laiss\u00e9 en bois brut et hydrofug\u00e9.[\/vc_column_text][vc_masonry_media_grid element_width=\u00a0\u00bb2&Prime; grid_id=\u00a0\u00bbvc_gid:1713641507712-92fba33c-5940-7&Prime; include=\u00a0\u00bb951,956,950,953,958,960&Prime;][vc_zigzag][vc_column_text css=\u00a0\u00bb\u00a0\u00bb]<strong>Armoire Napol\u00e9on III<\/strong><\/p>\n<p>Le z\u00e9ro d\u00e9chet concerne aussi votre mobilier, un meuble ancien , en vrai bois, made in France, qui a d\u00e9j\u00e0 v\u00e9cu de nombreuses d\u00e9cennies, et relook\u00e9, r\u00e9veillera votre int\u00e9rieur pour encore longtemps.[\/vc_column_text][vc_masonry_media_grid element_width=\u00a0\u00bb2&Prime; grid_id=\u00a0\u00bbvc_gid:1713641507712-2bf81b55-70de-4&Prime; include=\u00a0\u00bb963,964,961,962,965,966&Prime;][vc_zigzag][vc_column_text css=\u00a0\u00bb\u00a0\u00bb]<strong>T\u00eate de lit patin\u00e9e<\/strong>[\/vc_column_text][vc_masonry_media_grid element_width=\u00a0\u00bb2&Prime; grid_id=\u00a0\u00bbvc_gid:1713641507712-d821b6d0-4b9a-2&Prime; include=\u00a0\u00bb973,972,968,969,970&Prime;][vc_zigzag][vc_column_text css=\u00a0\u00bb\u00a0\u00bb]<strong>Petite commode restaur\u00e9e, peinte et d\u00e9cor\u00e9e puis patin\u00e9e \u00e0 la cire<\/strong>[\/vc_column_text][vc_masonry_media_grid element_width=\u00a0\u00bb2&Prime; grid_id=\u00a0\u00bbvc_gid:1713641507712-e8f6b5e7-d0a6-3&Prime; include=\u00a0\u00bb975,974&Prime;][vc_zigzag][vc_column_text css=\u00a0\u00bb\u00a0\u00bb]<strong>Tables, si\u00e8ges, armoires&#8230; divers<\/strong>[\/vc_column_text][vc_masonry_media_grid element_width=\u00a0\u00bb2&Prime; grid_id=\u00a0\u00bbvc_gid:1713641507713-8a783082-e0d5-3&Prime; include=\u00a0\u00bb976,977,978&Prime;][vc_zigzag][vc_column_text css=\u00a0\u00bb\u00a0\u00bb]<strong>Petite armoire style Louis XV<\/strong><\/p>\n<p>Relook\u00e9e en blanc, patin\u00e9e et cir\u00e9e.[\/vc_column_text][vc_masonry_media_grid element_width=\u00a0\u00bb2&Prime; grid_id=\u00a0\u00bbvc_gid:1713641507713-c2b3e383-5264-8&Prime; include=\u00a0\u00bb982,966,979,980,981,983,984,985&Prime;][vc_zigzag][vc_column_text css=\u00a0\u00bb\u00a0\u00bb]<strong>Table Henri II<\/strong><\/p>\n<p>Ancienne table en ch\u00eane , relook\u00e9e en blanc , plateau hydrofug\u00e9 et finition cir\u00e9e.[\/vc_column_text][vc_masonry_media_grid element_width=\u00a0\u00bb2&Prime; grid_id=\u00a0\u00bbvc_gid:1713641507714-b8c2e810-1af8-5&Prime; include=\u00a0\u00bb986,987,988,989&Prime;][vc_zigzag][vc_column_text css=\u00a0\u00bb\u00a0\u00bb]<strong>Secr\u00e9taire vintage<\/strong><\/p>\n<p>T\u00e9moin du temps qui passe avec ses 3 ou 4 couches de peintures diff\u00e9rentes. Retrouv\u00e9 ainsi dans son jus, avec un bon nettoyage, un traitement anti xylophage, et une bonne couche de cire, ce petit secr\u00e9taire d\u00e9voile le charme de l&rsquo;authentique.[\/vc_column_text][vc_masonry_media_grid element_width=\u00a0\u00bb2&Prime; grid_id=\u00a0\u00bbvc_gid:1713641507714-fe11b4c8-4267-1&Prime; include=\u00a0\u00bb991,992,993,994,995&Prime;][\/vc_column][\/vc_row]<\/p>\n<\/div>","protected":false},"excerpt":{"rendered":"<p>[vc_row][vc_column][vc_column_text] Relooking de meubles [\/vc_column_text][vc_column_text]Nous redonnons une nouvelle vie aux meubles anciens, dans un esprit loft, girly , seventies&#8230; plus contemporain. Je suis l\u00e0 pour vous aider, vous conseiller et r\u00e9aliser ensemble votre souhait&#8230;[\/vc_column_text][vc_zigzag][vc_column_text]Commode Louis XVI Durabilit\u00e9 action : Le relooking permet de changer d&rsquo;ambiance en respectant l&rsquo;environnement. Nouvel esprit contemporain pour cette petite commode [&hellip;]<\/p>\n","protected":false},"author":2,"featured_media":0,"parent":0,"menu_order":0,"comment_status":"closed","ping_status":"closed","template":"","meta":{"footnotes":""},"class_list":["post-369","page","type-page","status-publish","hentry"],"_links":{"self":[{"href":"https:\/\/martideco.net\/index.php\/wp-json\/wp\/v2\/pages\/369","targetHints":{"allow":["GET"]}}],"collection":[{"href":"https:\/\/martideco.net\/index.php\/wp-json\/wp\/v2\/pages"}],"about":[{"href":"https:\/\/martideco.net\/index.php\/wp-json\/wp\/v2\/types\/page"}],"author":[{"embeddable":true,"href":"https:\/\/martideco.net\/index.php\/wp-json\/wp\/v2\/users\/2"}],"replies":[{"embeddable":true,"href":"https:\/\/martideco.net\/index.php\/wp-json\/wp\/v2\/comments?post=369"}],"version-history":[{"count":5,"href":"https:\/\/martideco.net\/index.php\/wp-json\/wp\/v2\/pages\/369\/revisions"}],"predecessor-version":[{"id":1024,"href":"https:\/\/martideco.net\/index.php\/wp-json\/wp\/v2\/pages\/369\/revisions\/1024"}],"wp:attachment":[{"href":"https:\/\/martideco.net\/index.php\/wp-json\/wp\/v2\/media?parent=369"}],"curies":[{"name":"wp","href":"https:\/\/api.w.org\/{rel}","templated":true}]}}